{"id":2902,"date":"2024-02-05T12:50:30","date_gmt":"2024-02-05T12:50:30","guid":{"rendered":"https:\/\/filmtopia.net\/subscripcions\/"},"modified":"2026-03-05T17:39:54","modified_gmt":"2026-03-05T17:39:54","slug":"suscripciones-filmtopia","status":"publish","type":"page","link":"https:\/\/filmtopia.net\/es\/suscripciones-filmtopia\/","title":{"rendered":"Suscripciones"},"content":{"rendered":"","protected":false},"excerpt":{"rendered":"","protected":false},"author":1,"featured_media":0,"parent":0,"menu_order":0,"comment_status":"closed","ping_status":"closed","template":"page-subscriptions.php","meta":{"_acf_changed":false,"_relevanssi_hide_post":"","_relevanssi_hide_content":"","_relevanssi_pin_for_all":"","_relevanssi_pin_keywords":"","_relevanssi_unpin_keywords":"","_relevanssi_related_keywords":"","_relevanssi_related_include_ids":"","_relevanssi_related_exclude_ids":"","_relevanssi_related_no_append":"","_relevanssi_related_not_related":"","_relevanssi_related_posts":"","_relevanssi_noindex_reason":"","footnotes":""},"class_list":["post-2902","page","type-page","status-publish","hentry"],"acf":[],"yoast_head":"<!-- This site is optimized with the Yoast SEO plugin v27.5 - https:\/\/yoast.com\/product\/yoast-seo-wordpress\/ -->\n<title>\u00danete a nuestra comunidad | Filmtopia<\/title>\n<meta name=\"description\" content=\"Suscr\u00edbete a Filmtopia y podras leer todos nuestros contenidos de forma ilimitada. \u00a1\u00danete a la comunidad Filmtopia!\" \/>\n<meta name=\"robots\" content=\"index, follow, max-snippet:-1, max-image-preview:large, max-video-preview:-1\" \/>\n<link rel=\"canonical\" href=\"https:\/\/filmtopia.net\/es\/suscripciones-filmtopia\/\" \/>\n<meta property=\"og:locale\" content=\"es_ES\" \/>\n<meta property=\"og:type\" content=\"article\" \/>\n<meta property=\"og:title\" content=\"Suscr\u00edbete a Filmtopia\" \/>\n<meta property=\"og:description\" content=\"Tu apoyo significa que podremos seguir ofreci\u00e9ndote nuevas historias, actualidad y contenidos donde las protagonistas ser\u00e1n las mujeres que inspiran a nuestra comunidad.\" \/>\n<meta property=\"og:url\" content=\"https:\/\/filmtopia.net\/es\/suscripciones-filmtopia\/\" \/>\n<meta property=\"og:site_name\" content=\"Filmtopia\" \/>\n<meta property=\"article:publisher\" content=\"https:\/\/www.facebook.com\/people\/Filmtopia\/\" \/>\n<meta property=\"article:modified_time\" content=\"2026-03-05T17:39:54+00:00\" \/>\n<meta property=\"og:image\" content=\"https:\/\/filmtopia.net\/wp-content\/uploads\/2024\/03\/filmtopia-subscripciones.png\" \/>\n\t<meta property=\"og:image:width\" content=\"1348\" \/>\n\t<meta property=\"og:image:height\" content=\"729\" \/>\n\t<meta property=\"og:image:type\" content=\"image\/png\" \/>\n<meta name=\"twitter:card\" content=\"summary_large_image\" \/>\n<meta name=\"twitter:title\" content=\"Suscr\u00edbete a Filmtopia\" \/>\n<meta name=\"twitter:description\" content=\"Tu apoyo significa que podremos seguir ofreci\u00e9ndote nuevas historias, actualidad y contenidos donde las protagonistas ser\u00e1n las mujeres que inspiran a nuestra comunidad.\" \/>\n<meta name=\"twitter:image\" content=\"https:\/\/filmtopia.net\/wp-content\/uploads\/2024\/03\/filmtopia-subscripciones.png\" \/>\n<meta name=\"twitter:label1\" content=\"Tiempo de lectura\" \/>\n\t<meta name=\"twitter:data1\" content=\"3 minutos\" \/>\n<script type=\"application\/ld+json\" class=\"yoast-schema-graph\">{\"@context\":\"https:\\\/\\\/schema.org\",\"@graph\":[{\"@type\":\"WebPage\",\"@id\":\"https:\\\/\\\/filmtopia.net\\\/es\\\/suscripciones-filmtopia\\\/\",\"url\":\"https:\\\/\\\/filmtopia.net\\\/es\\\/suscripciones-filmtopia\\\/\",\"name\":\"\u00danete a nuestra comunidad | Filmtopia\",\"isPartOf\":{\"@id\":\"https:\\\/\\\/filmtopia.net\\\/es\\\/#website\"},\"datePublished\":\"2024-02-05T12:50:30+00:00\",\"dateModified\":\"2026-03-05T17:39:54+00:00\",\"description\":\"Suscr\u00edbete a Filmtopia y podras leer todos nuestros contenidos de forma ilimitada. \u00a1\u00danete a la comunidad Filmtopia!\",\"breadcrumb\":{\"@id\":\"https:\\\/\\\/filmtopia.net\\\/es\\\/suscripciones-filmtopia\\\/#breadcrumb\"},\"inLanguage\":\"es\",\"potentialAction\":[{\"@type\":\"ReadAction\",\"target\":[\"https:\\\/\\\/filmtopia.net\\\/es\\\/suscripciones-filmtopia\\\/\"]}]},{\"@type\":\"BreadcrumbList\",\"@id\":\"https:\\\/\\\/filmtopia.net\\\/es\\\/suscripciones-filmtopia\\\/#breadcrumb\",\"itemListElement\":[{\"@type\":\"ListItem\",\"position\":1,\"name\":\"Inici\",\"item\":\"https:\\\/\\\/filmtopia.net\\\/es\\\/home\\\/\"},{\"@type\":\"ListItem\",\"position\":2,\"name\":\"Suscripciones\"}]},{\"@type\":\"WebSite\",\"@id\":\"https:\\\/\\\/filmtopia.net\\\/es\\\/#website\",\"url\":\"https:\\\/\\\/filmtopia.net\\\/es\\\/\",\"name\":\"Filmtopia\",\"description\":\"La primera web especialitzada en cinema fet per dones\",\"publisher\":{\"@id\":\"https:\\\/\\\/filmtopia.net\\\/es\\\/#organization\"},\"potentialAction\":[{\"@type\":\"SearchAction\",\"target\":{\"@type\":\"EntryPoint\",\"urlTemplate\":\"https:\\\/\\\/filmtopia.net\\\/es\\\/?s={search_term_string}\"},\"query-input\":{\"@type\":\"PropertyValueSpecification\",\"valueRequired\":true,\"valueName\":\"search_term_string\"}}],\"inLanguage\":\"es\"},{\"@type\":\"Organization\",\"@id\":\"https:\\\/\\\/filmtopia.net\\\/es\\\/#organization\",\"name\":\"Filmtopia\",\"url\":\"https:\\\/\\\/filmtopia.net\\\/es\\\/\",\"logo\":{\"@type\":\"ImageObject\",\"inLanguage\":\"es\",\"@id\":\"https:\\\/\\\/filmtopia.net\\\/es\\\/#\\\/schema\\\/logo\\\/image\\\/\",\"url\":\"https:\\\/\\\/filmtopia.net\\\/wp-content\\\/uploads\\\/2024\\\/02\\\/cropped-Group-813.png\",\"contentUrl\":\"https:\\\/\\\/filmtopia.net\\\/wp-content\\\/uploads\\\/2024\\\/02\\\/cropped-Group-813.png\",\"width\":512,\"height\":512,\"caption\":\"Filmtopia\"},\"image\":{\"@id\":\"https:\\\/\\\/filmtopia.net\\\/es\\\/#\\\/schema\\\/logo\\\/image\\\/\"},\"sameAs\":[\"https:\\\/\\\/www.facebook.com\\\/people\\\/Filmtopia\\\/\",\"https:\\\/\\\/www.instagram.com\\\/filmtopia_net\\\/\"]}]}<\/script>\n<!-- \/ Yoast SEO plugin. -->","yoast_head_json":{"title":"\u00danete a nuestra comunidad | Filmtopia","description":"Suscr\u00edbete a Filmtopia y podras leer todos nuestros contenidos de forma ilimitada. \u00a1\u00danete a la comunidad Filmtopia!","robots":{"index":"index","follow":"follow","max-snippet":"max-snippet:-1","max-image-preview":"max-image-preview:large","max-video-preview":"max-video-preview:-1"},"canonical":"https:\/\/filmtopia.net\/es\/suscripciones-filmtopia\/","og_locale":"es_ES","og_type":"article","og_title":"Suscr\u00edbete a Filmtopia","og_description":"Tu apoyo significa que podremos seguir ofreci\u00e9ndote nuevas historias, actualidad y contenidos donde las protagonistas ser\u00e1n las mujeres que inspiran a nuestra comunidad.","og_url":"https:\/\/filmtopia.net\/es\/suscripciones-filmtopia\/","og_site_name":"Filmtopia","article_publisher":"https:\/\/www.facebook.com\/people\/Filmtopia\/","article_modified_time":"2026-03-05T17:39:54+00:00","og_image":[{"width":1348,"height":729,"url":"https:\/\/filmtopia.net\/wp-content\/uploads\/2024\/03\/filmtopia-subscripciones.png","type":"image\/png"}],"twitter_card":"summary_large_image","twitter_title":"Suscr\u00edbete a Filmtopia","twitter_description":"Tu apoyo significa que podremos seguir ofreci\u00e9ndote nuevas historias, actualidad y contenidos donde las protagonistas ser\u00e1n las mujeres que inspiran a nuestra comunidad.","twitter_image":"https:\/\/filmtopia.net\/wp-content\/uploads\/2024\/03\/filmtopia-subscripciones.png","twitter_misc":{"Tiempo de lectura":"3 minutos"},"schema":{"@context":"https:\/\/schema.org","@graph":[{"@type":"WebPage","@id":"https:\/\/filmtopia.net\/es\/suscripciones-filmtopia\/","url":"https:\/\/filmtopia.net\/es\/suscripciones-filmtopia\/","name":"\u00danete a nuestra comunidad | Filmtopia","isPartOf":{"@id":"https:\/\/filmtopia.net\/es\/#website"},"datePublished":"2024-02-05T12:50:30+00:00","dateModified":"2026-03-05T17:39:54+00:00","description":"Suscr\u00edbete a Filmtopia y podras leer todos nuestros contenidos de forma ilimitada. \u00a1\u00danete a la comunidad Filmtopia!","breadcrumb":{"@id":"https:\/\/filmtopia.net\/es\/suscripciones-filmtopia\/#breadcrumb"},"inLanguage":"es","potentialAction":[{"@type":"ReadAction","target":["https:\/\/filmtopia.net\/es\/suscripciones-filmtopia\/"]}]},{"@type":"BreadcrumbList","@id":"https:\/\/filmtopia.net\/es\/suscripciones-filmtopia\/#breadcrumb","itemListElement":[{"@type":"ListItem","position":1,"name":"Inici","item":"https:\/\/filmtopia.net\/es\/home\/"},{"@type":"ListItem","position":2,"name":"Suscripciones"}]},{"@type":"WebSite","@id":"https:\/\/filmtopia.net\/es\/#website","url":"https:\/\/filmtopia.net\/es\/","name":"Filmtopia","description":"La primera web especialitzada en cinema fet per dones","publisher":{"@id":"https:\/\/filmtopia.net\/es\/#organization"},"potentialAction":[{"@type":"SearchAction","target":{"@type":"EntryPoint","urlTemplate":"https:\/\/filmtopia.net\/es\/?s={search_term_string}"},"query-input":{"@type":"PropertyValueSpecification","valueRequired":true,"valueName":"search_term_string"}}],"inLanguage":"es"},{"@type":"Organization","@id":"https:\/\/filmtopia.net\/es\/#organization","name":"Filmtopia","url":"https:\/\/filmtopia.net\/es\/","logo":{"@type":"ImageObject","inLanguage":"es","@id":"https:\/\/filmtopia.net\/es\/#\/schema\/logo\/image\/","url":"https:\/\/filmtopia.net\/wp-content\/uploads\/2024\/02\/cropped-Group-813.png","contentUrl":"https:\/\/filmtopia.net\/wp-content\/uploads\/2024\/02\/cropped-Group-813.png","width":512,"height":512,"caption":"Filmtopia"},"image":{"@id":"https:\/\/filmtopia.net\/es\/#\/schema\/logo\/image\/"},"sameAs":["https:\/\/www.facebook.com\/people\/Filmtopia\/","https:\/\/www.instagram.com\/filmtopia_net\/"]}]}},"_links":{"self":[{"href":"https:\/\/filmtopia.net\/es\/wp-json\/wp\/v2\/pages\/2902","targetHints":{"allow":["GET"]}}],"collection":[{"href":"https:\/\/filmtopia.net\/es\/wp-json\/wp\/v2\/pages"}],"about":[{"href":"https:\/\/filmtopia.net\/es\/wp-json\/wp\/v2\/types\/page"}],"author":[{"embeddable":true,"href":"https:\/\/filmtopia.net\/es\/wp-json\/wp\/v2\/users\/1"}],"replies":[{"embeddable":true,"href":"https:\/\/filmtopia.net\/es\/wp-json\/wp\/v2\/comments?post=2902"}],"version-history":[{"count":12,"href":"https:\/\/filmtopia.net\/es\/wp-json\/wp\/v2\/pages\/2902\/revisions"}],"predecessor-version":[{"id":8732,"href":"https:\/\/filmtopia.net\/es\/wp-json\/wp\/v2\/pages\/2902\/revisions\/8732"}],"wp:attachment":[{"href":"https:\/\/filmtopia.net\/es\/wp-json\/wp\/v2\/media?parent=2902"}],"curies":[{"name":"wp","href":"https:\/\/api.w.org\/{rel}","templated":true}]}}