{"id":2904,"date":"2024-01-13T09:41:46","date_gmt":"2024-01-13T09:41:46","guid":{"rendered":"https:\/\/filmtopia.net\/privacy-policy\/"},"modified":"2026-02-06T14:27:44","modified_gmt":"2026-02-06T14:27:44","slug":"privacy-policy","status":"publish","type":"page","link":"https:\/\/filmtopia.net\/es\/privacy-policy\/","title":{"rendered":"Pol\u00edtica de privacidad"},"content":{"rendered":"<p class=\"p1\"><b>INTRODUCCI\u00d3N<\/b><\/p>\n<p class=\"p1\">Su privacidad es importante para nosotros, as\u00ed que, mediante este documento, le explicamos qu\u00e9 datos recogemos de los usuarios, c\u00f3mo los utilizamos y para qu\u00e9, entre otras indicaciones. Los mayores de 14 a\u00f1os podr\u00e1n registrarse como usuarios sin el previo consentimiento de sus padres, tutores o representantes legales. En caso de menores de 14 a\u00f1os o identificados como \"incapaces legalmente\", siempre necesitaremos del consentimiento paterno, o del tutor \/ a o representante legal.<\/p>\n<p class=\"p1\">Para su informaci\u00f3n, nunca pediremos m\u00e1s informaci\u00f3n de la que realmente necesitaremos para los servicios requeridos; nunca la compartiremos con terceros, excepto por obligaci\u00f3n legal o con su autorizaci\u00f3n previa; y nunca utilizaremos sus datos para otra finalidad no indicada previamente.<\/p>\n<p class=\"p1\">Como Usuario, deber\u00e1 leer atentamente esta Pol\u00edtica de Privacidad de manera regular y siempre que introduzca sus datos personales, ya que \u00e9sta puede verse modificada. El prestador tiene facultad para realizar cambios en la informaci\u00f3n contenida en la web con el objetivo de cumplir con la normativa o actualizar la presente Pol\u00edtica. El prestador no tiene obligaci\u00f3n de preavisar a los Usuarios sobre los cambios realizados, siendo suficiente su publicaci\u00f3n en el sitio web.<\/p>\n<p class=\"p1\"><b>RESPONSABLE DEL TRATAMIENTO:<\/b><\/p>\n<p class=\"p3\">Identidad:<b>\u00a0FILMTOPIA FILMS, S.L.U. <\/b>(tambi\u00e9n el prestador)<br \/>\nNIF:<b> B70659248<br \/>\n<\/b>Direcci\u00f3n postal:<b> Ronda Universitat, 23, 6\u00e8 1B, 08007, Barcelona, Barcelona<br \/>\n<\/b>Correo electr\u00f3nico:<b>\u00a0info@filmtopia.net<\/b><\/p>\n<p class=\"p1\"><b>FILMTOPIA FILMS, S.L.U.<\/b>, como responsable del sitio web de conformidad con lo dispuesto en el Reglamento (UE) 2016\/679 de 27 de abril de 2016 (RGPD) relativo a la protecci\u00f3n de las personas f\u00edsicas en lo que respecta al tratamiento de datos personales y a la libre circulaci\u00f3n de estos datos y dem\u00e1s normativa vigente en materia de protecci\u00f3n de datos personales, y con la Ley 34\/2002, de 11 de julio, de Servicios de la Sociedad de la Informaci\u00f3n y del Comercio Electr\u00f3nico (LSSICE), le informa que tiene implementadas las medidas de seguridad necesarias, de \u00edndole t\u00e9cnica y organizativas, para garantizar y proteger la confidencialidad, integridad y disponibilidad de los datos introducidos.<\/p>\n<p class=\"p3\"><b>M\u00c9TODOS DE OBTENCI\u00d3N DE LOS DATOS, QU\u00c9 DATOS RECABAMOS y SU FINALIDAD:<\/b><\/p>\n<p class=\"p3\">Los datos que recogemos, la forma en que los obtenemos y la finalidad del tratamiento es la siguiente:<\/p>\n<ol class=\"ol1\">\n<li class=\"li3\"><b>Formulario de registro<\/b>:\n<ul class=\"ul1\">\n<li class=\"li3\">Datos requeridos: nombre, mail;<\/li>\n<li class=\"li3\">Finalidad: para la creaci\u00f3n de una cuenta de Usuario y poder acceder a las funcionalidades de la web;<\/li>\n<li class=\"li3\">Legitimaci\u00f3n: consentimiento del Usuario.<\/li>\n<\/ul>\n<\/li>\n<\/ol>\n<ol class=\"ol1\">\n<li class=\"li3\"><b>Formulario de suscripci\u00f3n a la newsletter<\/b>:<\/li>\n<\/ol>\n<ol class=\"ol1\">\n<li style=\"list-style-type: none;\">\n<ul class=\"ul1\">\n<li class=\"li3\">Datos requeridos: nombre y apellidos, mail, pa\u00eds;<\/li>\n<li class=\"li3\">Finalidad: enviar al Usuario informaci\u00f3n comercial de su inter\u00e9s sobre nuestros productos y\/o servicios a trav\u00e9s del mail, SMS, comunidades sociales o cualquier otro medio electr\u00f3nico o f\u00edsico, en caso de que el Usuario lo haya consentido expresamente;<\/li>\n<li class=\"li3\">Legitimaci\u00f3n: consentimiento del Usuario.<\/li>\n<\/ul>\n<\/li>\n<\/ol>\n<ol class=\"ol1\">\n<li class=\"li1\"><b>Si contrata el servicio \/ compra <\/b>el producto a trav\u00e9s de nuestra p\u00e1gina web:<\/li>\n<\/ol>\n<ol class=\"ol1\">\n<li style=\"list-style-type: none;\">\n<ul class=\"ul1\">\n<li class=\"li1\">Datos requeridos: nombre y apellidos, direcci\u00f3n, email, tel\u00e9fono e informaci\u00f3n sobre una tarjeta de cr\u00e9dito o de d\u00e9bito;<\/li>\n<li class=\"li1\">Finalidad: contrataci\u00f3n de nuestro servicio\/compra de nuestro producto;<\/li>\n<li class=\"li1\">Legitimaci\u00f3n: consentimiento del Usuario.<\/li>\n<\/ul>\n<\/li>\n<\/ol>\n<ol class=\"ol1\">\n<li class=\"li1\"><b>Llevar a cabo la relaci\u00f3n contractual y las gestiones administrativas, fiscales y contables <\/b>an\u00e1logas y que sean necesarias virtud de la legislaci\u00f3n vigente<\/li>\n<\/ol>\n<ol class=\"ol1\">\n<li style=\"list-style-type: none;\">\n<ul class=\"ul1\">\n<li class=\"li1\">Datos requeridos: nombre y apellidos, tel\u00e9fono, direcci\u00f3n, DNI, email, firma;<\/li>\n<li class=\"li1\">Finalidad: llevar a cabo la gesti\u00f3n comercial fiscal y administrativa interna;<\/li>\n<li class=\"li3\">Legitimaci\u00f3n: consentimiento del interesado y relaci\u00f3n contractual.<\/li>\n<\/ul>\n<\/li>\n<\/ol>\n<ol class=\"ol1\">\n<li class=\"li3\"><b>WhatsApp<\/b>: en el apartado WhatsApp de la presente pol\u00edtica se detalla su uso.<\/li>\n<\/ol>\n<p class=\"p1\">Las fotograf\u00edas que est\u00e9n colgadas en la web son propiedad de <b>FILMTOPIA FILMS, S.L.U.<\/b><\/p>\n<p class=\"p5\">Puede revocar en cualquier momento su consentimiento remitiendo un escrito con el asunto \"Baja\" en el mail rese\u00f1ado.<\/p>\n<p class=\"p5\">De acuerdo con la LSSICE, <b>FILMTOPIA FILMS, S.L.U.<\/b> no realiza pr\u00e1cticas de SPAM, por lo tanto, no env\u00eda comunicaciones comerciales por correo electr\u00f3nico que no hayan sido previamente solicitados o autorizados por el Usuario. En consecuencia, en todas las comunicaciones que recibir\u00e1 del prestador, el Usuario tiene la posibilidad de revocar su consentimiento expreso para recibir nuestras comunicaciones.<\/p>\n<p class=\"p3\">No trataremos sus datos personales para ning\u00fan otro fin de los descritos, excepto por obligaci\u00f3n legal o requerimiento judicial.<\/p>\n<p class=\"p3\">Sus datos personales no se tratar\u00e1n para la toma de decisiones automatizada.<\/p>\n<p class=\"p1\"><span class=\"s2\"><b>PLAZO DE CONSERVACI\u00d3N DE LOS DATOS:<\/b><\/span><\/p>\n<p class=\"p1\">Sus datos se conservar\u00e1n mientras dure la finalidad para la cual fueron recogidos, por obligaci\u00f3n legal o requerimiento judicial, y mientras no retire su consentimiento o hasta que ejerza su derecho de supresi\u00f3n u oposici\u00f3n, o limitaci\u00f3n al tratamiento. Sin embargo, conservaremos sus datos en los plazos legalmente previstos en las disposiciones aplicables.<\/p>\n<p class=\"p3\"><span class=\"s2\"><b>DESTINATARIOS DE CESIONES O TRANSFERENCIAS:<\/b><\/span><\/p>\n<p class=\"p1\"><b>FILMTOPIA FILMS, S.L.U.<\/b> facilitar\u00e1 informaci\u00f3n a las fuerzas y cuerpos de seguridad bajo orden judicial o por obligaci\u00f3n de una norma legal. La informaci\u00f3n facilitada ser\u00e1 s\u00f3lo la que disponga en ese momento el prestador. <b>FILMTOPIA FILMS, S.L.U.<\/b> realizar\u00e1 transferencias internacionales de datos al realizar el uso de las siguientes herramientas necesarias para el desarrollo de la actividad, pudiendo almacenar sus datos. Estas herramientas son las siguientes:<\/p>\n<ul class=\"ul1\">\n<li class=\"li3\"><span class=\"s1\"><b>Google Analytics: <\/b>para realizar un an\u00e1lisis y m\u00e9trica del uso que los usuarios hacen de la web a trav\u00e9s de las cookies. La informaci\u00f3n que generan y recopilan estas cookies sobre el uso (incluyendo la direcci\u00f3n IP) ser\u00e1 directamente transmitida y archivada por Google, Inc., ubicada en Delaware, 1600 Amphitheatre Parkway, montar\u00e9 View (California), CA 94043 de Estados Unidos (\"Google\"), en sus servidores de Estados Unidos. Google, Inc. est\u00e1 adherida al Data Privacy Framework UE \u2013 EE. UU., aprobado por la Comisi\u00f3n Europea.<\/span><\/li>\n<\/ul>\n<ul class=\"ul1\">\n<li class=\"li3\"><span class=\"s1\">Ecommerce v\u00eda WOOCOMMERCE, cuyos servidores est\u00e1n ubicados en EEUU<\/span><\/li>\n<li class=\"li3\"><span class=\"s1\">Env\u00edo de comunicaciones comerciales v\u00eda MAILCHIMP, cuyos servidores est\u00e1n ubicados en EEUU. <\/span><\/li>\n<\/ul>\n<p class=\"p3\">La informaci\u00f3n que nos proporcione tanto a trav\u00e9s de este sitio web como a trav\u00e9s de la aplicaci\u00f3n ser\u00e1 alojada en los servidores de <b>FILMTOPIA FILMS, S.L.U.<\/b>, contratados a la empresa que presta el servicio de alojamiento de la web.<\/p>\n<p class=\"p3\">El tratamiento de los datos de las entidades anteriormente mencionadas, as\u00ed como cualquier otra herramienta que use el prestador se encuentra regulado mediante un contrato de encargado del tratamiento entre el prestador y esta empresa.<\/p>\n<p class=\"p7\"><span class=\"s2\"><b>DERECHOS DE LAS PERSONAS INTERESADAS:<\/b><\/span><\/p>\n<p class=\"p3\">Como Usuario-Interesado, puede solicitar el ejercicio de los siguientes derechos ante <b>FILMTOPIA FILMS, S.L.U. <\/b>presentando un escrito a la direcci\u00f3n postal del encabezamiento o enviando un correo electr\u00f3nico a info@filmtopia.net, indicando como asunto: \"PROTECCI\u00d3N DE DATOS: DERECHOS DE LOS AFECTADOS\".<\/p>\n<p class=\"p3\">Derechos:<\/p>\n<ul class=\"ul1\">\n<li class=\"li1\"><b>Derecho de acceso:<\/b> permite al interesado conocer y obtener informaci\u00f3n sobre sus datos de car\u00e1cter personal sometidos a tratamiento.<\/li>\n<li class=\"li1\"><b>Derecho de rectificaci\u00f3n<\/b>: permite corregir errores y modificar los datos que resulten ser inexactos o incompletos<\/li>\n<li class=\"li1\"><b>Derecho de supresi\u00f3n<\/b>: permite que se supriman los datos que sean inadecuados o excesivos<\/li>\n<li class=\"li1\"><b>Derecho de oposici\u00f3n<\/b>: derecho del interesado a que no se lleve a cabo el tratamiento de sus datos de car\u00e1cter personal o se cese el mismo.<\/li>\n<li class=\"li1\"><b>Limitaci\u00f3n del tratamiento<\/b>: conlleva el marcado de los datos personales conservados, con el fin de limitar su futuro tratamiento, para el ejercicio o la defensa de reclamaciones.<\/li>\n<li class=\"li1\"><b>Portabilidad de los datos<\/b>: facilitaci\u00f3n de los datos objeto de tratamiento al interesado, para que \u00e9ste pueda transmitirlos a otro responsable, sin impedimentos.<\/li>\n<li class=\"li1\"><b>Derecho a no ser objeto de decisiones individuales automatizadas (incluida la elaboraci\u00f3n de perfiles)<\/b>: derecho a no ser objeto de una decisi\u00f3n basada en el tratamiento automatizado que produzca efectos o afecte significativamente.<\/li>\n<\/ul>\n<p class=\"p3\">Como Usuario, tiene derecho a retirar el consentimiento dado en cualquier momento. La retirada del consentimiento no afectar\u00e1 a la licitud del tratamiento efectuado antes.<\/p>\n<p class=\"p3\">Tambi\u00e9n tiene derecho a presentar una reclamaci\u00f3n ante la autoridad de control si considera que pueden haberse visto vulnerados sus derechos en relaci\u00f3n con la protecci\u00f3n de sus datos (aepd.es).<\/p>\n<p class=\"p1\"><span class=\"s2\"><b>INFORMACI\u00d3N ADICIONAL<\/b><\/span><\/p>\n<p class=\"p5\"><b>MEDIDAS DE SEGURIDAD:<\/b><\/p>\n<p class=\"p5\">Los datos que nos facilite se tratar\u00e1n de forma confidencial. El prestador ha adoptado todas las medidas t\u00e9cnicas y organizativas y todos los niveles de protecci\u00f3n necesarios para garantizar la seguridad en el tratamiento de los datos y evitar su alteraci\u00f3n, p\u00e9rdida, robo, tratamiento o acceso no autorizado, de acuerdo con el estado de la tecnolog\u00eda y naturaleza de los datos almacenados. Asimismo, se garantiza tambi\u00e9n que el tratamiento y registro en ficheros, programas, sistemas o equipos, locales y centros, cumplen con los requisitos y condiciones de integridad y seguridad establecidas en la normativa vigente.<\/p>\n<p class=\"p3\"><b>IDIOMA<\/b><\/p>\n<p class=\"p3\">El idioma aplicable a esta pol\u00edtica de privacidad es el castellano. Por tanto, en caso de que hubiera alguna contradicci\u00f3n en alguna de las versiones facilitadas en otros idiomas, prevalecer\u00e1 la versi\u00f3n en castellano.<\/p>\n<p class=\"p3\"><b>REDES SOCIALES<\/b><\/p>\n<p class=\"p5\">Le informamos que <b>FILMTOPIA FILMS, S.L.U.<\/b> puede tener presencia en redes sociales. El tratamiento de los datos que se lleve a cabo de las personas que se hagan seguidoras en las redes sociales (y\/o realicen cualquier v\u00ednculo o acci\u00f3n de conexi\u00f3n a trav\u00e9s de las redes sociales) de las p\u00e1ginas oficiales de <b>FILMTOPIA FILMS, S.L.U. <\/b>se regir\u00e1 por este apartado, as\u00ed como para aquellas condiciones de uso, pol\u00edticas de privacidad y normativas de acceso que pertenezcan a la red social que proceda en cada caso y aceptadas previamente por el usuario.<\/p>\n<p class=\"p5\"><b>FILMTOPIA FILMS, S.L.U.<\/b> tratar\u00e1 sus datos con las finalidades de administrar correctamente su presencia en la red social, informando de actividades, productos o servicios del prestador, as\u00ed como para cualquier otra finalidad que las normativas de las Redes Sociales permitan.<\/p>\n<p class=\"p5\">Queda prohibida la publicaci\u00f3n de contenidos:<\/p>\n<ul class=\"ul1\">\n<li class=\"li5\">Que sean presuntamente il\u00edcitos por la normativa nacional, comunitaria o internacional o que realicen actividades presuntamente il\u00edcitas o contravengan los principios de la buena fe.<\/li>\n<li class=\"li5\">Que atenten contra los derechos fundamentales de las personas, falten a la cortes\u00eda en la red, molesten o puedan generar opiniones negativas en nuestros usuarios o terceros y en general cualesquiera sean los contenidos que FILMTOPIA FILMS, S.L.U. considere inapropiados.<\/li>\n<li class=\"li5\">Y en general que contravengan los principios de legalidad, honradez, responsabilidad, protecci\u00f3n de la dignidad humana, protecci\u00f3n de menores, protecci\u00f3n del orden p\u00fablico, la protecci\u00f3n de la vida privada, la protecci\u00f3n del consumidor y los derechos de propiedad intelectual e industrial.<\/li>\n<\/ul>\n<p class=\"p3\">Asimismo, <b>FILMTOPIA FILMS, S.L.U.<\/b> se reserva la potestad de retirar del sitio web o de la red social corporativa, sin previo aviso, aquellos contenidos que se consideran inadecuados.<\/p>\n<p class=\"p3\">En todo caso, si Ud. remite informaci\u00f3n personal a trav\u00e9s de la red social, FILMTOPIA FILMS, S.L.U. quedar\u00e1 exento de responsabilidad en relaci\u00f3n con las medidas de seguridad aplicables a la presente plataforma; y el Usuario, en caso de querer conocerlas, debe consultar las correspondientes condiciones particulares de la red en cuesti\u00f3n.<\/p>\n<p class=\"p10\"><b>CAMBIOS EN LA PRESENTE POL\u00cdTICA DE PRIVACIDAD<\/b><\/p>\n<p class=\"p3\"><b>FILMTOPIA FILMS, S.L.U.<\/b> se reserva el derecho a modificar la presente pol\u00edtica para adaptarla a novedades legislativas o jurisprudenciales.<\/p>\n<p class=\"p10\"><b>REVOCABILIDAD<\/b><\/p>\n<p class=\"p3\">El consentimiento prestado, tanto por el tratamiento como para la cesi\u00f3n de los datos de los interesados, es revocable en cualquier momento comunic\u00e1ndolo a <b>FILMTOPIA FILMS, S.L.U.<\/b> en los t\u00e9rminos establecidos en esta Pol\u00edtica para el ejercicio de los derechos. Esta revocaci\u00f3n en ning\u00fan caso tendr\u00e1 car\u00e1cter retroactivo.<\/p>\n<p class=\"p10\"><b>LEGISLACI\u00d3N<\/b><\/p>\n<p class=\"p10\">Con car\u00e1cter general las relaciones entre <b>FILMTOPIA FILMS, S.L.U.<\/b> con los Usuarios de sus servicios telem\u00e1ticos, presentes en esta web, est\u00e1n sometidos a la legislaci\u00f3n y jurisdicci\u00f3n espa\u00f1ola a la que se someten expresamente las partes, siendo competentes para la resoluci\u00f3n de todos los conflictos derivados o relacionados con su uso a los Juzgados y Tribunales del domicilio del prestador (si no es considerado como consumidor a efectos del TRLGDCU) o del usuario (si es considerado como consumidor a efectos del TRLGDCU).<\/p>\n","protected":false},"excerpt":{"rendered":"<p>INTRODUCCI\u00d3N Su privacidad es importante para nosotros, as\u00ed que, mediante este documento, le explicamos qu\u00e9 datos recogemos de los usuarios, c\u00f3mo los utilizamos y para qu\u00e9, entre otras indicaciones. Los mayores de 14 a\u00f1os podr\u00e1n registrarse como usuarios sin el previo consentimiento de sus padres,&#8230;<\/p>\n","protected":false},"author":6,"featured_media":0,"parent":0,"menu_order":0,"comment_status":"closed","ping_status":"open","template":"page-legal.php","meta":{"_acf_changed":false,"_relevanssi_hide_post":"","_relevanssi_hide_content":"","_relevanssi_pin_for_all":"","_relevanssi_pin_keywords":"","_relevanssi_unpin_keywords":"","_relevanssi_related_keywords":"","_relevanssi_related_include_ids":"","_relevanssi_related_exclude_ids":"","_relevanssi_related_no_append":"","_relevanssi_related_not_related":"","_relevanssi_related_posts":"","_relevanssi_noindex_reason":"","footnotes":""},"class_list":["post-2904","page","type-page","status-publish","hentry"],"acf":[],"yoast_head":"<!-- This site is optimized with the Yoast SEO plugin v27.5 - https:\/\/yoast.com\/product\/yoast-seo-wordpress\/ -->\n<title>Pol\u00edtica de privacidad &#8211; Filmtopia<\/title>\n<meta name=\"robots\" content=\"index, follow, max-snippet:-1, max-image-preview:large, max-video-preview:-1\" \/>\n<link rel=\"canonical\" href=\"https:\/\/filmtopia.net\/es\/privacy-policy\/\" \/>\n<meta property=\"og:locale\" content=\"es_ES\" \/>\n<meta property=\"og:type\" content=\"article\" \/>\n<meta property=\"og:title\" content=\"Pol\u00edtica de privacidad &#8211; Filmtopia\" \/>\n<meta property=\"og:description\" content=\"INTRODUCCI\u00d3N Su privacidad es importante para nosotros, as\u00ed que, mediante este documento, le explicamos qu\u00e9 datos recogemos de los usuarios, c\u00f3mo los utilizamos y para qu\u00e9, entre otras indicaciones. Los mayores de 14 a\u00f1os podr\u00e1n registrarse como usuarios sin el previo consentimiento de sus padres,...\" \/>\n<meta property=\"og:url\" content=\"https:\/\/filmtopia.net\/es\/privacy-policy\/\" \/>\n<meta property=\"og:site_name\" content=\"Filmtopia\" \/>\n<meta property=\"article:publisher\" content=\"https:\/\/www.facebook.com\/people\/Filmtopia\/\" \/>\n<meta property=\"article:modified_time\" content=\"2026-02-06T14:27:44+00:00\" \/>\n<meta property=\"og:image\" content=\"https:\/\/filmtopia.net\/wp-content\/uploads\/2024\/02\/RRSS.png\" \/>\n\t<meta property=\"og:image:width\" content=\"2500\" \/>\n\t<meta property=\"og:image:height\" content=\"1313\" \/>\n\t<meta property=\"og:image:type\" content=\"image\/png\" \/>\n<meta name=\"twitter:card\" content=\"summary_large_image\" \/>\n<meta name=\"twitter:label1\" content=\"Tiempo de lectura\" \/>\n\t<meta name=\"twitter:data1\" content=\"9 minutos\" \/>\n<script type=\"application\/ld+json\" class=\"yoast-schema-graph\">{\"@context\":\"https:\\\/\\\/schema.org\",\"@graph\":[{\"@type\":\"WebPage\",\"@id\":\"https:\\\/\\\/filmtopia.net\\\/es\\\/privacy-policy\\\/\",\"url\":\"https:\\\/\\\/filmtopia.net\\\/es\\\/privacy-policy\\\/\",\"name\":\"Pol\u00edtica de privacidad &#8211; Filmtopia\",\"isPartOf\":{\"@id\":\"https:\\\/\\\/filmtopia.net\\\/es\\\/#website\"},\"datePublished\":\"2024-01-13T09:41:46+00:00\",\"dateModified\":\"2026-02-06T14:27:44+00:00\",\"breadcrumb\":{\"@id\":\"https:\\\/\\\/filmtopia.net\\\/es\\\/privacy-policy\\\/#breadcrumb\"},\"inLanguage\":\"es\",\"potentialAction\":[{\"@type\":\"ReadAction\",\"target\":[\"https:\\\/\\\/filmtopia.net\\\/es\\\/privacy-policy\\\/\"]}]},{\"@type\":\"BreadcrumbList\",\"@id\":\"https:\\\/\\\/filmtopia.net\\\/es\\\/privacy-policy\\\/#breadcrumb\",\"itemListElement\":[{\"@type\":\"ListItem\",\"position\":1,\"name\":\"Inici\",\"item\":\"https:\\\/\\\/filmtopia.net\\\/es\\\/home\\\/\"},{\"@type\":\"ListItem\",\"position\":2,\"name\":\"Pol\u00edtica de privacidad\"}]},{\"@type\":\"WebSite\",\"@id\":\"https:\\\/\\\/filmtopia.net\\\/es\\\/#website\",\"url\":\"https:\\\/\\\/filmtopia.net\\\/es\\\/\",\"name\":\"Filmtopia\",\"description\":\"La primera web especialitzada en cinema fet per dones\",\"publisher\":{\"@id\":\"https:\\\/\\\/filmtopia.net\\\/es\\\/#organization\"},\"potentialAction\":[{\"@type\":\"SearchAction\",\"target\":{\"@type\":\"EntryPoint\",\"urlTemplate\":\"https:\\\/\\\/filmtopia.net\\\/es\\\/?s={search_term_string}\"},\"query-input\":{\"@type\":\"PropertyValueSpecification\",\"valueRequired\":true,\"valueName\":\"search_term_string\"}}],\"inLanguage\":\"es\"},{\"@type\":\"Organization\",\"@id\":\"https:\\\/\\\/filmtopia.net\\\/es\\\/#organization\",\"name\":\"Filmtopia\",\"url\":\"https:\\\/\\\/filmtopia.net\\\/es\\\/\",\"logo\":{\"@type\":\"ImageObject\",\"inLanguage\":\"es\",\"@id\":\"https:\\\/\\\/filmtopia.net\\\/es\\\/#\\\/schema\\\/logo\\\/image\\\/\",\"url\":\"https:\\\/\\\/filmtopia.net\\\/wp-content\\\/uploads\\\/2024\\\/02\\\/cropped-Group-813.png\",\"contentUrl\":\"https:\\\/\\\/filmtopia.net\\\/wp-content\\\/uploads\\\/2024\\\/02\\\/cropped-Group-813.png\",\"width\":512,\"height\":512,\"caption\":\"Filmtopia\"},\"image\":{\"@id\":\"https:\\\/\\\/filmtopia.net\\\/es\\\/#\\\/schema\\\/logo\\\/image\\\/\"},\"sameAs\":[\"https:\\\/\\\/www.facebook.com\\\/people\\\/Filmtopia\\\/\",\"https:\\\/\\\/www.instagram.com\\\/filmtopia_net\\\/\"]}]}<\/script>\n<!-- \/ Yoast SEO plugin. -->","yoast_head_json":{"title":"Pol\u00edtica de privacidad &#8211; Filmtopia","robots":{"index":"index","follow":"follow","max-snippet":"max-snippet:-1","max-image-preview":"max-image-preview:large","max-video-preview":"max-video-preview:-1"},"canonical":"https:\/\/filmtopia.net\/es\/privacy-policy\/","og_locale":"es_ES","og_type":"article","og_title":"Pol\u00edtica de privacidad &#8211; Filmtopia","og_description":"INTRODUCCI\u00d3N Su privacidad es importante para nosotros, as\u00ed que, mediante este documento, le explicamos qu\u00e9 datos recogemos de los usuarios, c\u00f3mo los utilizamos y para qu\u00e9, entre otras indicaciones. Los mayores de 14 a\u00f1os podr\u00e1n registrarse como usuarios sin el previo consentimiento de sus padres,...","og_url":"https:\/\/filmtopia.net\/es\/privacy-policy\/","og_site_name":"Filmtopia","article_publisher":"https:\/\/www.facebook.com\/people\/Filmtopia\/","article_modified_time":"2026-02-06T14:27:44+00:00","og_image":[{"width":2500,"height":1313,"url":"https:\/\/filmtopia.net\/wp-content\/uploads\/2024\/02\/RRSS.png","type":"image\/png"}],"twitter_card":"summary_large_image","twitter_misc":{"Tiempo de lectura":"9 minutos"},"schema":{"@context":"https:\/\/schema.org","@graph":[{"@type":"WebPage","@id":"https:\/\/filmtopia.net\/es\/privacy-policy\/","url":"https:\/\/filmtopia.net\/es\/privacy-policy\/","name":"Pol\u00edtica de privacidad &#8211; Filmtopia","isPartOf":{"@id":"https:\/\/filmtopia.net\/es\/#website"},"datePublished":"2024-01-13T09:41:46+00:00","dateModified":"2026-02-06T14:27:44+00:00","breadcrumb":{"@id":"https:\/\/filmtopia.net\/es\/privacy-policy\/#breadcrumb"},"inLanguage":"es","potentialAction":[{"@type":"ReadAction","target":["https:\/\/filmtopia.net\/es\/privacy-policy\/"]}]},{"@type":"BreadcrumbList","@id":"https:\/\/filmtopia.net\/es\/privacy-policy\/#breadcrumb","itemListElement":[{"@type":"ListItem","position":1,"name":"Inici","item":"https:\/\/filmtopia.net\/es\/home\/"},{"@type":"ListItem","position":2,"name":"Pol\u00edtica de privacidad"}]},{"@type":"WebSite","@id":"https:\/\/filmtopia.net\/es\/#website","url":"https:\/\/filmtopia.net\/es\/","name":"Filmtopia","description":"La primera web especialitzada en cinema fet per dones","publisher":{"@id":"https:\/\/filmtopia.net\/es\/#organization"},"potentialAction":[{"@type":"SearchAction","target":{"@type":"EntryPoint","urlTemplate":"https:\/\/filmtopia.net\/es\/?s={search_term_string}"},"query-input":{"@type":"PropertyValueSpecification","valueRequired":true,"valueName":"search_term_string"}}],"inLanguage":"es"},{"@type":"Organization","@id":"https:\/\/filmtopia.net\/es\/#organization","name":"Filmtopia","url":"https:\/\/filmtopia.net\/es\/","logo":{"@type":"ImageObject","inLanguage":"es","@id":"https:\/\/filmtopia.net\/es\/#\/schema\/logo\/image\/","url":"https:\/\/filmtopia.net\/wp-content\/uploads\/2024\/02\/cropped-Group-813.png","contentUrl":"https:\/\/filmtopia.net\/wp-content\/uploads\/2024\/02\/cropped-Group-813.png","width":512,"height":512,"caption":"Filmtopia"},"image":{"@id":"https:\/\/filmtopia.net\/es\/#\/schema\/logo\/image\/"},"sameAs":["https:\/\/www.facebook.com\/people\/Filmtopia\/","https:\/\/www.instagram.com\/filmtopia_net\/"]}]}},"_links":{"self":[{"href":"https:\/\/filmtopia.net\/es\/wp-json\/wp\/v2\/pages\/2904","targetHints":{"allow":["GET"]}}],"collection":[{"href":"https:\/\/filmtopia.net\/es\/wp-json\/wp\/v2\/pages"}],"about":[{"href":"https:\/\/filmtopia.net\/es\/wp-json\/wp\/v2\/types\/page"}],"author":[{"embeddable":true,"href":"https:\/\/filmtopia.net\/es\/wp-json\/wp\/v2\/users\/6"}],"replies":[{"embeddable":true,"href":"https:\/\/filmtopia.net\/es\/wp-json\/wp\/v2\/comments?post=2904"}],"version-history":[{"count":26,"href":"https:\/\/filmtopia.net\/es\/wp-json\/wp\/v2\/pages\/2904\/revisions"}],"predecessor-version":[{"id":22236,"href":"https:\/\/filmtopia.net\/es\/wp-json\/wp\/v2\/pages\/2904\/revisions\/22236"}],"wp:attachment":[{"href":"https:\/\/filmtopia.net\/es\/wp-json\/wp\/v2\/media?parent=2904"}],"curies":[{"name":"wp","href":"https:\/\/api.w.org\/{rel}","templated":true}]}}